{"id":2072,"date":"2020-03-04T15:41:48","date_gmt":"2020-03-04T18:41:48","guid":{"rendered":"https:\/\/www.goldko.com.br\/?page_id=2072"},"modified":"2020-03-04T15:41:48","modified_gmt":"2020-03-04T18:41:48","slug":"produtos-displays","status":"publish","type":"page","link":"https:\/\/goldko1.websiteseguro.com\/blog\/produtos-displays\/","title":{"rendered":"Produtos Displays"},"content":{"rendered":"<p>[vc_row full_width=&#8221;stretch_row_content&#8221;][vc_column icons_position=&#8221;left&#8221;][vc_single_image image=&#8221;4005&#8243; img_size=&#8221;full&#8221; alignment=&#8221;center&#8221;][\/vc_column][\/vc_row][vc_row full_width=&#8221;stretch_row&#8221; css=&#8221;.vc_custom_1536866619462{padding-top: 1rem !important;padding-bottom: 1rem !important;}&#8221;][vc_column icons_position=&#8221;left&#8221;][vc_custom_heading text=&#8221;displays&#8221; font_container=&#8221;tag:h1|text_align:center|color:%2300b3d4&#8243; use_theme_fonts=&#8221;yes&#8221;][product_category per_page=&#8221;100&#8243; columns=&#8221;4&#8243; orderby=&#8221;date&#8221; order=&#8221;DESC&#8221; category=&#8221;display&#8221;][\/vc_column][\/vc_row]<\/p>\n","protected":false},"excerpt":{"rendered":"<p>[vc_row full_width=&#8221;stretch_row_content&#8221;][vc_column icons_position=&#8221;left&#8221;][vc_single_image image=&#8221;4005&#8243; img_size=&#8221;full&#8221; alignment=&#8221;center&#8221;][\/vc_column][\/vc_row][vc_row full_width=&#8221;stretch_row&#8221; css=&#8221;.vc_custom_1536866619462{padding-top: 1rem !important;padding-bottom: 1rem !important;}&#8221;][vc_column icons_position=&#8221;left&#8221;][vc_custom_heading text=&#8221;displays&#8221; font_container=&#8221;tag:h1|text_align:center|color:%2300b3d4&#8243; use_theme_fonts=&#8221;yes&#8221;][product_category per_page=&#8221;100&#8243; columns=&#8221;4&#8243; orderby=&#8221;date&#8221; order=&#8221;DESC&#8221; category=&#8221;display&#8221;][\/vc_column][\/vc_row]<\/p>\n","protected":false},"author":2,"featured_media":0,"parent":0,"menu_order":0,"comment_status":"closed","ping_status":"closed","template":"","meta":{"_acf_changed":false,"footnotes":""},"class_list":["post-2072","page","type-page","status-publish","hentry","entry"],"acf":[],"yoast_head":"<!-- This site is optimized with the Yoast SEO plugin v27.2 - https:\/\/yoast.com\/product\/yoast-seo-wordpress\/ -->\n<title>Display GOLDKO | Chocolates com V\u00e1rios Ingredientes Incr\u00edveis<\/title>\n<meta name=\"description\" content=\"Display de Chocolates sem Adi\u00e7\u00e3o de A\u00e7\u00facares, ao Leite de Coco, Arroz, Cacau com Avel\u00e3s e Muito Mais! | GOLDKO Traz Novos Conceitos de Chocolate para deixar seu dia Cheio de Magia\" \/>\n<meta name=\"robots\" content=\"index, follow, max-snippet:-1, max-image-preview:large, max-video-preview:-1\" \/>\n<link rel=\"canonical\" href=\"https:\/\/goldko1.websiteseguro.com\/blog\/produtos-displays\/\" \/>\n<meta property=\"og:locale\" content=\"pt_BR\" \/>\n<meta property=\"og:type\" content=\"article\" \/>\n<meta property=\"og:title\" content=\"Display GOLDKO | Chocolates com V\u00e1rios Ingredientes Incr\u00edveis\" \/>\n<meta property=\"og:description\" content=\"Display de Chocolates sem Adi\u00e7\u00e3o de A\u00e7\u00facares, ao Leite de Coco, Arroz, Cacau com Avel\u00e3s e Muito Mais! | GOLDKO Traz Novos Conceitos de Chocolate para deixar seu dia Cheio de Magia\" \/>\n<meta property=\"og:url\" content=\"https:\/\/goldko1.websiteseguro.com\/blog\/produtos-displays\/\" \/>\n<meta property=\"og:site_name\" content=\"blog goldko\" \/>\n<meta name=\"twitter:card\" content=\"summary_large_image\" \/>\n<script type=\"application\/ld+json\" class=\"yoast-schema-graph\">{\"@context\":\"https:\/\/schema.org\",\"@graph\":[{\"@type\":\"WebPage\",\"@id\":\"https:\/\/goldko1.websiteseguro.com\/blog\/produtos-displays\/\",\"url\":\"https:\/\/goldko1.websiteseguro.com\/blog\/produtos-displays\/\",\"name\":\"Display GOLDKO | Chocolates com V\u00e1rios Ingredientes Incr\u00edveis\",\"isPartOf\":{\"@id\":\"https:\/\/goldko1.websiteseguro.com\/blog\/#website\"},\"datePublished\":\"2020-03-04T18:41:48+00:00\",\"description\":\"Display de Chocolates sem Adi\u00e7\u00e3o de A\u00e7\u00facares, ao Leite de Coco, Arroz, Cacau com Avel\u00e3s e Muito Mais! | GOLDKO Traz Novos Conceitos de Chocolate para deixar seu dia Cheio de Magia\",\"breadcrumb\":{\"@id\":\"https:\/\/goldko1.websiteseguro.com\/blog\/produtos-displays\/#breadcrumb\"},\"inLanguage\":\"pt-BR\",\"potentialAction\":[{\"@type\":\"ReadAction\",\"target\":[\"https:\/\/goldko1.websiteseguro.com\/blog\/produtos-displays\/\"]}]},{\"@type\":\"BreadcrumbList\",\"@id\":\"https:\/\/goldko1.websiteseguro.com\/blog\/produtos-displays\/#breadcrumb\",\"itemListElement\":[{\"@type\":\"ListItem\",\"position\":1,\"name\":\"In\u00edcio\",\"item\":\"https:\/\/goldko1.websiteseguro.com\/blog\/\"},{\"@type\":\"ListItem\",\"position\":2,\"name\":\"Produtos Displays\"}]},{\"@type\":\"WebSite\",\"@id\":\"https:\/\/goldko1.websiteseguro.com\/blog\/#website\",\"url\":\"https:\/\/goldko1.websiteseguro.com\/blog\/\",\"name\":\"blog goldko\",\"description\":\"S\u00f3 mais um site WordPress\",\"potentialAction\":[{\"@type\":\"SearchAction\",\"target\":{\"@type\":\"EntryPoint\",\"urlTemplate\":\"https:\/\/goldko1.websiteseguro.com\/blog\/?s={search_term_string}\"},\"query-input\":{\"@type\":\"PropertyValueSpecification\",\"valueRequired\":true,\"valueName\":\"search_term_string\"}}],\"inLanguage\":\"pt-BR\"}]}<\/script>\n<!-- \/ Yoast SEO plugin. -->","yoast_head_json":{"title":"Display GOLDKO | Chocolates com V\u00e1rios Ingredientes Incr\u00edveis","description":"Display de Chocolates sem Adi\u00e7\u00e3o de A\u00e7\u00facares, ao Leite de Coco, Arroz, Cacau com Avel\u00e3s e Muito Mais! | GOLDKO Traz Novos Conceitos de Chocolate para deixar seu dia Cheio de Magia","robots":{"index":"index","follow":"follow","max-snippet":"max-snippet:-1","max-image-preview":"max-image-preview:large","max-video-preview":"max-video-preview:-1"},"canonical":"https:\/\/goldko1.websiteseguro.com\/blog\/produtos-displays\/","og_locale":"pt_BR","og_type":"article","og_title":"Display GOLDKO | Chocolates com V\u00e1rios Ingredientes Incr\u00edveis","og_description":"Display de Chocolates sem Adi\u00e7\u00e3o de A\u00e7\u00facares, ao Leite de Coco, Arroz, Cacau com Avel\u00e3s e Muito Mais! | GOLDKO Traz Novos Conceitos de Chocolate para deixar seu dia Cheio de Magia","og_url":"https:\/\/goldko1.websiteseguro.com\/blog\/produtos-displays\/","og_site_name":"blog goldko","twitter_card":"summary_large_image","schema":{"@context":"https:\/\/schema.org","@graph":[{"@type":"WebPage","@id":"https:\/\/goldko1.websiteseguro.com\/blog\/produtos-displays\/","url":"https:\/\/goldko1.websiteseguro.com\/blog\/produtos-displays\/","name":"Display GOLDKO | Chocolates com V\u00e1rios Ingredientes Incr\u00edveis","isPartOf":{"@id":"https:\/\/goldko1.websiteseguro.com\/blog\/#website"},"datePublished":"2020-03-04T18:41:48+00:00","description":"Display de Chocolates sem Adi\u00e7\u00e3o de A\u00e7\u00facares, ao Leite de Coco, Arroz, Cacau com Avel\u00e3s e Muito Mais! | GOLDKO Traz Novos Conceitos de Chocolate para deixar seu dia Cheio de Magia","breadcrumb":{"@id":"https:\/\/goldko1.websiteseguro.com\/blog\/produtos-displays\/#breadcrumb"},"inLanguage":"pt-BR","potentialAction":[{"@type":"ReadAction","target":["https:\/\/goldko1.websiteseguro.com\/blog\/produtos-displays\/"]}]},{"@type":"BreadcrumbList","@id":"https:\/\/goldko1.websiteseguro.com\/blog\/produtos-displays\/#breadcrumb","itemListElement":[{"@type":"ListItem","position":1,"name":"In\u00edcio","item":"https:\/\/goldko1.websiteseguro.com\/blog\/"},{"@type":"ListItem","position":2,"name":"Produtos Displays"}]},{"@type":"WebSite","@id":"https:\/\/goldko1.websiteseguro.com\/blog\/#website","url":"https:\/\/goldko1.websiteseguro.com\/blog\/","name":"blog goldko","description":"S\u00f3 mais um site WordPress","potentialAction":[{"@type":"SearchAction","target":{"@type":"EntryPoint","urlTemplate":"https:\/\/goldko1.websiteseguro.com\/blog\/?s={search_term_string}"},"query-input":{"@type":"PropertyValueSpecification","valueRequired":true,"valueName":"search_term_string"}}],"inLanguage":"pt-BR"}]}},"_links":{"self":[{"href":"https:\/\/goldko1.websiteseguro.com\/blog\/wp-json\/wp\/v2\/pages\/2072","targetHints":{"allow":["GET"]}}],"collection":[{"href":"https:\/\/goldko1.websiteseguro.com\/blog\/wp-json\/wp\/v2\/pages"}],"about":[{"href":"https:\/\/goldko1.websiteseguro.com\/blog\/wp-json\/wp\/v2\/types\/page"}],"author":[{"embeddable":true,"href":"https:\/\/goldko1.websiteseguro.com\/blog\/wp-json\/wp\/v2\/users\/2"}],"replies":[{"embeddable":true,"href":"https:\/\/goldko1.websiteseguro.com\/blog\/wp-json\/wp\/v2\/comments?post=2072"}],"version-history":[{"count":0,"href":"https:\/\/goldko1.websiteseguro.com\/blog\/wp-json\/wp\/v2\/pages\/2072\/revisions"}],"wp:attachment":[{"href":"https:\/\/goldko1.websiteseguro.com\/blog\/wp-json\/wp\/v2\/media?parent=2072"}],"curies":[{"name":"wp","href":"https:\/\/api.w.org\/{rel}","templated":true}]}}